{"id":208,"date":"2012-07-15T16:16:01","date_gmt":"2012-07-15T16:16:01","guid":{"rendered":"http:\/\/demo.whoathemes.net\/sogood\/?page_id=208"},"modified":"2021-12-31T14:00:17","modified_gmt":"2021-12-31T14:00:17","slug":"intro-area-disabled","status":"publish","type":"page","link":"https:\/\/schreinerei-staneker.de\/","title":{"rendered":"Home"},"content":{"rendered":"<h2 style=\"text-align: center;\"><strong> Willkommen bei der<br \/>\n<\/strong><strong>Schreinerei Staneker!<\/strong><\/h2>\n<blockquote>\n<p style=\"text-align: center;\"><span style=\"color: #888888;\"><em>Sie suchen eine lokale Schreinerei, die \u00fcber traditionell handwerkliches Spitzenk\u00f6nnen verf\u00fcgt und jede Menge Qualit\u00e4t zu bieten hat, dann sind Sie bei uns genau richtig!<\/em><\/span><\/p>\n<hr \/>\n<h3><span style=\"color: #db8623;\"><strong>Ihre Ideen und Vorstellung liegen uns am Herzen<\/strong><\/span><\/h3>\n<\/blockquote>\n<p><span style=\"color: #000000;\">Deshalb starten wir jedes Projekt, sei es gro\u00df oder klein, mit einem pers\u00f6nlichen Kundenbesuch. Ist es nur eine kleine Reparatur, so k\u00f6nnen wir manche Dinge gleich vor Ort erledigen.<\/span><br \/>\n<span style=\"color: #000000;\"> Geht es um gr\u00f6\u00dfere Projekte wie Haus- oder Zimmert\u00fcren, Einbau- oder Einzelm\u00f6bel, oder einen kompletten Innenausbau, wollen wir mehr \u00fcber Ihre Ideen, Vorstellungen und W\u00fcnsche wissen:<\/span><\/p>\n<ul>\n<li><span style=\"color: #000000;\">Wie soll Ihr Raum aussehen?<\/span><\/li>\n<li><span style=\"color: #000000;\">In welcher Umgebung f\u00fchlen Sie sich wohl?<\/span><\/li>\n<li><span style=\"color: #000000;\">Welche Bed\u00fcrfnisse und Funktionen soll der Raum oder das M\u00f6belst\u00fcck erf\u00fcllen?<\/span><\/li>\n<\/ul>\n<p><span style=\"color: #000000;\">Es gibt heutzutage unz\u00e4hlige Material, Modul und Konstruktionsm\u00f6glichkeiten in den Bereichen Innenausbau, Holz und Glas. Durch das Kennen Ihrer Vorstellungen, k\u00f6nnen wir Ihnen mit unserer Erfahrung und unserem Know-How ein Angebot erarbeiten und anschlie\u00dfend umsetzen, das auch wirklich Ihren Vorstellungen entspricht.<\/span><\/p>\n<blockquote>\n<h3 style=\"text-align: left;\"><span style=\"color: #db8623;\"><strong>Denn uns ist eines wichtig &#8211; Sie sollen sich wohlf\u00fchlen!<\/strong><\/span><\/h3>\n<\/blockquote>\n<p><img loading=\"lazy\" decoding=\"async\" class=\"size-medium wp-image-3854 aligncenter\" src=\"http:\/\/schreinerei-staneker.de\/wp-content\/uploads\/2017\/02\/nh_logo_quer_mitglied_rgb-300x128-300x128.jpg\" alt=\"\" width=\"300\" height=\"128\" \/><\/p>\n","protected":false},"excerpt":{"rendered":"<p>Willkommen bei der Schreinerei Staneker! Sie suchen eine lokale Schreinerei, die \u00fcber traditionell handwerkliches Spitzenk\u00f6nnen verf\u00fcgt und jede Menge Qualit\u00e4t zu bieten hat, dann sind Sie bei uns genau richtig! Ihre Ideen und Vorstellung liegen uns am Herzen Deshalb starten wir jedes Projekt, sei es gro\u00df oder klein, mit einem pers\u00f6nlichen Kundenbesuch. Ist es nur &hellip; <a href=\"https:\/\/schreinerei-staneker.de\/\" class=\"more-link\"><span class=\"screen-reader-text\">Home<\/span> weiterlesen<\/a><\/p>\n","protected":false},"author":1,"featured_media":4362,"parent":0,"menu_order":0,"comment_status":"closed","ping_status":"open","template":"","meta":{"footnotes":""},"class_list":["post-208","page","type-page","status-publish","has-post-thumbnail","hentry"],"_links":{"self":[{"href":"https:\/\/schreinerei-staneker.de\/index.php?rest_route=\/wp\/v2\/pages\/208","targetHints":{"allow":["GET"]}}],"collection":[{"href":"https:\/\/schreinerei-staneker.de\/index.php?rest_route=\/wp\/v2\/pages"}],"about":[{"href":"https:\/\/schreinerei-staneker.de\/index.php?rest_route=\/wp\/v2\/types\/page"}],"author":[{"embeddable":true,"href":"https:\/\/schreinerei-staneker.de\/index.php?rest_route=\/wp\/v2\/users\/1"}],"replies":[{"embeddable":true,"href":"https:\/\/schreinerei-staneker.de\/index.php?rest_route=%2Fwp%2Fv2%2Fcomments&post=208"}],"version-history":[{"count":13,"href":"https:\/\/schreinerei-staneker.de\/index.php?rest_route=\/wp\/v2\/pages\/208\/revisions"}],"predecessor-version":[{"id":4429,"href":"https:\/\/schreinerei-staneker.de\/index.php?rest_route=\/wp\/v2\/pages\/208\/revisions\/4429"}],"wp:featuredmedia":[{"embeddable":true,"href":"https:\/\/schreinerei-staneker.de\/index.php?rest_route=\/wp\/v2\/media\/4362"}],"wp:attachment":[{"href":"https:\/\/schreinerei-staneker.de\/index.php?rest_route=%2Fwp%2Fv2%2Fmedia&parent=208"}],"curies":[{"name":"wp","href":"https:\/\/api.w.org\/{rel}","templated":true}]}}