{"id":3606,"date":"2013-10-07T15:52:14","date_gmt":"2013-10-07T15:52:14","guid":{"rendered":"http:\/\/schreinerei-staneker.de\/?page_id=3606"},"modified":"2017-02-18T11:48:36","modified_gmt":"2017-02-18T11:48:36","slug":"disclaimer","status":"publish","type":"page","link":"https:\/\/schreinerei-staneker.de\/?page_id=3606","title":{"rendered":"Disclaimer"},"content":{"rendered":"<h5><\/h5>\n<h3><strong>Disclaimer<\/strong><\/h3>\n<h3><strong>1. Inhalt des Onlineangebotes<\/strong><\/h3>\n<h3><strong>Die Schreinerei Staneker e.K. \u00fcbernimmt keinerlei Gew\u00e4hr f\u00fcr die Aktualit\u00e4t, Korrektheit, Vollst\u00e4ndigkeit oder Qualit\u00e4t der bereitgestellten Informationen. Haftungsanspr\u00fcche gegen die Schreinerei Staneker, welche sich auf Sch\u00e4den materieller oder ideeller Art beziehen, die durch die Nutzung oder Nichtnutzung der dargebotenen Informationen bzw. durch die Nutzung fehlerhafter und unvollst\u00e4ndiger Informationen verursacht wurden, sind grunds\u00e4tzlich ausgeschlossen, sofern seitens der Schreinerei Staneker kein nachweislich vors\u00e4tzliches oder grob fahrl\u00e4ssiges Verschulden vorliegt. Alle Angebote sind freibleibend und unverbindlich. mathis-manufact beh\u00e4lt es sich ausdr\u00fccklich vor, Teile der Seiten oder das gesamte Angebot ohne gesonderte Ank\u00fcndigung zu ver\u00e4ndern, zu erg\u00e4nzen, zu l\u00f6schen oder die Ver\u00f6ffentlichung zeitweise oder endg\u00fcltig einzustellen.<\/strong><\/h3>\n<h3><strong>2. Verweise und Links<\/strong><br \/>\n<strong> Bei direkten oder indirekten Verweisen auf fremde Internetseiten (\u201cLinks\u201d), die au\u00dferhalb des Verantwortungsbereiches von mathis-manufact liegen, w\u00fcrde eine Haftungsverpflichtung ausschlie\u00dflich in dem Fall in Kraft treten, in dem Schreinerei Staneker von den Inhalten Kenntnis hat und es ihm technisch m\u00f6glich und zumutbar w\u00e4re, die Nutzung im Falle rechtswidriger Inhalte zu verhindern.<\/strong><\/h3>\n<h3><strong>Die Schreinerei Staneker erkl\u00e4rt hiermit ausdr\u00fccklich, dass zum Zeitpunkt der Linksetzung keine illegalen Inhalte auf den zu verlinkenden Seiten erkennbar waren. Auf die aktuelle und zuk\u00fcnftige Gestaltung, die Inhalte oder die Urheberschaft der gelinkten\/verkn\u00fcpften Seiten hat Schreinerei Staneker keinerlei Einfluss. Deshalb distanziert sie sich hiermit ausdr\u00fccklich von allen Inhalten aller gelinkten \/verkn\u00fcpften Seiten, die nach der Linksetzung ver\u00e4ndert wurden. Diese Feststellung gilt f\u00fcr alle innerhalb des eigenen Internetangebotes gesetzten Links und Verweise sowie f\u00fcr Fremdeintr\u00e4ge in von Schreinerei Staneker eingerichteten G\u00e4steb\u00fcchern, Diskussionsforen und Mailinglisten.<\/strong><\/h3>\n<h3><strong>F\u00fcr illegale, fehlerhafte oder unvollst\u00e4ndige Inhalte und insbesondere f\u00fcr Sch\u00e4den, die aus der Nutzung oder Nichtnutzung solcherart dargebotener Informationen entstehen, haftet allein der Anbieter der Seite, auf welche verwiesen wurde, nicht derjenige, der \u00fcber Links auf die jeweilige Ver\u00f6ffentlichung lediglich verweist.<\/strong><\/h3>\n<h3><strong>3. Urheber- und Kennzeichenrecht<\/strong><br \/>\n<strong> Die Schreinerei Staneker ist bestrebt, in allen Publikationen die Urheberrechte der verwendeten Grafiken, Tondokumente, Videosequenzen und Texte zu beachten, von ihr selbst erstellte Grafiken, Tondokumente, Videosequenzen und Texte zu nutzen oder auf lizenzfreie Grafiken, Tondokumente, Videosequenzen und Texte zur\u00fcckzugreifen.<\/strong><br \/>\n<strong> Alle innerhalb des Internetangebotes genannten und ggf. durch Dritte gesch\u00fctzten Marken- und Warenzeichen unterliegen uneingeschr\u00e4nkt den Bestimmungen des jeweils g\u00fcltigen Kennzeichenrechts und den Besitzrechten der jeweiligen eingetragenen Eigent\u00fcmer. Allein aufgrund der blo\u00dfen Nennung ist nicht der Schlu\u00df zu ziehen, dass Markenzeichen nicht durch Rechte Dritter gesch\u00fctzt sind! Das Copyright f\u00fcr ver\u00f6ffentlichte, von der Schreinerei Staneker selbst erstellten Objekte bleibt allein bei der Schreinerei. Eine Vervielf\u00e4ltigung oder Verwendung solcher Grafiken, Tondokumente, Videosequenzen und Texte in anderen elektronischen oder gedruckten Publikationen ist ohne ausdr\u00fcckliche Zustimmung der Schreinerei Staneker nicht gestattet.<\/strong><\/h3>\n<h3><strong>4. Datenschutz<\/strong><br \/>\n<strong> Sofern innerhalb des Internetangebotes die M\u00f6glichkeit zur Eingabe pers\u00f6nlicher oder gesch\u00e4ftlicher Daten (E-Mail-Adressen, Namen, Anschriften) besteht, so erfolgt die Preisgabe dieser Daten seitens des Nutzers auf ausdr\u00fccklich freiwilliger Basis. Zur Beantwortung von Fragen, die durch den jeweiligen Nutzer gestellt werden, oder zum Versand bzw. zur Nutzung von Services (z.B. Newsletter, Download), die vom jeweiligen Nutzer gew\u00fcnscht werden, werden die Nutzerdaten bei der Schreinerei Staneker gespeichert.<\/strong><\/h3>\n<h3><strong>5. Abmahnung ohne vorherigen Kontakt<\/strong><br \/>\n<strong> Wir akzeptieren keine Abmahnung ohne vorherigen Kontakt und Absprache! Sollte der Inhalt oder die Aufmachung dieser Webseiten gesetzliche Bestimmungen, Ihre oder Rechte Dritter verletzen, bitten wir um eine entsprechende Nachricht ohne jegliche Kostennote. Richten Sie diese Nachricht bitte an info(at)schreinerei-staneker.deWir versichern, zu Recht beanstandete Bilder, Texte oder Links unverz\u00fcglich (direkt nach der Zurkenntnisnahme) zu entfernen oder zu berichtigen, ohne dass hierzu von Ihrer Seite die Einschaltung eines Rechtbeistandes erforderlich ist! Die Einschaltung eines Anwaltes, zur kostenpflichtigen Abmahnung, entspricht nicht dessen wirklichen oder mutma\u00dflichen Willen und w\u00fcrde damit einen Versto\u00df gegen \u00a7 8 Abs. 4 UWG (\u00a7 242 BGB), wegen der Verfolgung sachfremder Ziele als beherrschendes Motiv der Verfahrenseinleitung, insbesondere einer Kostenerzielungsabsicht als eigentliche Triebfeder, sowie einen Versto\u00df gegen Ihre Schadensminderungspflicht darstellen.Entstandene Kosten ohne vorherige Kontaktaufnahme werden durch uns vollumf\u00e4nglich zur\u00fcckgewiesen und l\u00f6sen gegebenenfalls eine Gegenklage wegen Verletzung vorgenannter Bestimmungen aus.<\/strong><\/h3>\n<h3><strong>6. Rechtswirksamkeit dieses Haftungsausschlusses<\/strong><br \/>\n<strong> Dieser Haftungsausschluss ist als Teil des Internetangebotes zu betrachten, von dem aus auf diese Seite verwiesen wurde. Sofern Teile oder einzelne Formulierungen dieses Textes der geltenden Rechtslage nicht, nicht mehr oder nicht vollst\u00e4ndig entsprechen sollten, bleiben die \u00fcbrigen Teile des Dokumentes in ihrem Inhalt und ihrer G\u00fcltigkeit davon unber\u00fchrt.<\/strong><\/h3>\n<p>&nbsp;<\/p>\n","protected":false},"excerpt":{"rendered":"<p>Disclaimer 1. Inhalt des Onlineangebotes Die Schreinerei Staneker e.K. \u00fcbernimmt keinerlei Gew\u00e4hr f\u00fcr die Aktualit\u00e4t, Korrektheit, Vollst\u00e4ndigkeit oder Qualit\u00e4t der bereitgestellten Informationen. Haftungsanspr\u00fcche gegen die Schreinerei Staneker, welche sich auf Sch\u00e4den materieller oder ideeller Art beziehen, die durch die Nutzung oder Nichtnutzung der dargebotenen Informationen bzw. durch die Nutzung fehlerhafter und unvollst\u00e4ndiger Informationen verursacht wurden, &hellip; <a href=\"https:\/\/schreinerei-staneker.de\/?page_id=3606\" class=\"more-link\"><span class=\"screen-reader-text\">Disclaimer<\/span> weiterlesen<\/a><\/p>\n","protected":false},"author":1,"featured_media":0,"parent":0,"menu_order":0,"comment_status":"closed","ping_status":"closed","template":"","meta":{"footnotes":""},"class_list":["post-3606","page","type-page","status-publish","hentry"],"_links":{"self":[{"href":"https:\/\/schreinerei-staneker.de\/index.php?rest_route=\/wp\/v2\/pages\/3606","targetHints":{"allow":["GET"]}}],"collection":[{"href":"https:\/\/schreinerei-staneker.de\/index.php?rest_route=\/wp\/v2\/pages"}],"about":[{"href":"https:\/\/schreinerei-staneker.de\/index.php?rest_route=\/wp\/v2\/types\/page"}],"author":[{"embeddable":true,"href":"https:\/\/schreinerei-staneker.de\/index.php?rest_route=\/wp\/v2\/users\/1"}],"replies":[{"embeddable":true,"href":"https:\/\/schreinerei-staneker.de\/index.php?rest_route=%2Fwp%2Fv2%2Fcomments&post=3606"}],"version-history":[{"count":1,"href":"https:\/\/schreinerei-staneker.de\/index.php?rest_route=\/wp\/v2\/pages\/3606\/revisions"}],"predecessor-version":[{"id":4101,"href":"https:\/\/schreinerei-staneker.de\/index.php?rest_route=\/wp\/v2\/pages\/3606\/revisions\/4101"}],"wp:attachment":[{"href":"https:\/\/schreinerei-staneker.de\/index.php?rest_route=%2Fwp%2Fv2%2Fmedia&parent=3606"}],"curies":[{"name":"wp","href":"https:\/\/api.w.org\/{rel}","templated":true}]}}