{"id":3662,"date":"2013-10-08T10:39:56","date_gmt":"2013-10-08T10:39:56","guid":{"rendered":"http:\/\/schreinerei-staneker.de\/?page_id=3662"},"modified":"2017-02-18T11:48:26","modified_gmt":"2017-02-18T11:48:26","slug":"impressum","status":"publish","type":"page","link":"https:\/\/schreinerei-staneker.de\/?page_id=3662","title":{"rendered":"Impressum"},"content":{"rendered":"<h3>Schreinerei Rainer Staneker e.K.<br \/>\nHolzwiesenstr.3<br \/>\n72768 Reutlingen<br \/>\nTelefon 07121 \/ 330415<br \/>\nFax 07121 \/ 339558<br \/>\nE-Mail info(at)schreinerei-staneker.de<br \/>\nInternet www.schreinerei-staneker.de<\/h3>\n<h3>Inhaber Rainer Staneker<\/h3>\n<h3>USt-IdNr. gem\u00e4\u00df \u00a727a DE<\/h3>\n<h3><strong>Haftungshinweis<\/strong><\/h3>\n<h3>Trotz sorgf\u00e4ltiger inhaltlicher Kontrolle \u00fcbernehmen wir keine Haftung f\u00fcr die Inhalte externer Links.<\/h3>\n<h3>F\u00fcr den Inhalt der verlinkten Seiten sind ausschlie\u00dflich deren Betreiber verantwortlich.<\/h3>\n<h3><strong><br \/>\nDatenschutzerkl\u00e4rung<\/strong><\/h3>\n<h3>Wir erheben, verarbeiten und nutzen Ihre Daten nur im Rahmen der gesetzlichen Bestimmungen.<\/h3>\n<h3>Diese Datenschutzerkl\u00e4rung gilt ausschlie\u00dflich f\u00fcr die Nutzung der von uns angebotenen Webseiten. Sie gilt nicht f\u00fcr die Webseiten anderer Dienstanbieter, auf die wir lediglich durch einen Link verweisen.<\/h3>\n<h3>Bei der Nutzung unserer Webseiten bleiben Sie anonym, solange Sie uns nicht von sich aus freiwillig personenbezogene Daten zur Verf\u00fcgung stellen. Personenbezogene Daten werden nur dann erhoben, wenn dies f\u00fcr die Nutzung der auf der Webseite angebotenen Leistungen, insbesondere Formularangebote, erforderlich ist.<\/h3>\n<h3>Wir werden die von Ihnen zur Verf\u00fcgung gestellten Daten streng vertraulich behandeln. Ohne Ihre ausdr\u00fcckliche Einwilligung geben wir keine pers\u00f6nlichen Daten weiter, es sei denn, dass wir rechtlich dazu verpflichtet sind. Wir weisen jedoch darauf hin, dass es bei der \u00dcbermittlung von Daten im Internet immer dazu kommen kann, dass Dritte Ihre Daten zur Kenntnis nehmen oder verf\u00e4lschen.<\/h3>\n<h3>Sofern Sie es von uns verlangen, gew\u00e4hren wir Ihnen Einblick in die \u00fcber Sie gespeicherten Daten, beziehungsweise l\u00f6schen diese. Wenn Sie Daten berichtigen, l\u00f6schen oder einsehen wollen, gen\u00fcgt hierf\u00fcr ein Schreiben an die im Impressum angegebene Adresse.<\/h3>\n<h3>Im Rahmen der Benachrichtigung unserer Kunden \u00fcber Produktneuheiten, etc. senden wir Ihnen E-Mails nur zu, sofern Sie uns Ihre E-Mailadresse zur Verf\u00fcgung stellen.<\/h3>\n","protected":false},"excerpt":{"rendered":"<p>Schreinerei Rainer Staneker e.K. Holzwiesenstr.3 72768 Reutlingen Telefon 07121 \/ 330415 Fax 07121 \/ 339558 E-Mail info(at)schreinerei-staneker.de Internet www.schreinerei-staneker.de Inhaber Rainer Staneker USt-IdNr. gem\u00e4\u00df \u00a727a DE Haftungshinweis Trotz sorgf\u00e4ltiger inhaltlicher Kontrolle \u00fcbernehmen wir keine Haftung f\u00fcr die Inhalte externer Links. F\u00fcr den Inhalt der verlinkten Seiten sind ausschlie\u00dflich deren Betreiber verantwortlich. Datenschutzerkl\u00e4rung Wir erheben, verarbeiten &hellip; <a href=\"https:\/\/schreinerei-staneker.de\/?page_id=3662\" class=\"more-link\"><span class=\"screen-reader-text\">Impressum<\/span> weiterlesen<\/a><\/p>\n","protected":false},"author":1,"featured_media":0,"parent":0,"menu_order":0,"comment_status":"closed","ping_status":"closed","template":"","meta":{"footnotes":""},"class_list":["post-3662","page","type-page","status-publish","hentry"],"_links":{"self":[{"href":"https:\/\/schreinerei-staneker.de\/index.php?rest_route=\/wp\/v2\/pages\/3662","targetHints":{"allow":["GET"]}}],"collection":[{"href":"https:\/\/schreinerei-staneker.de\/index.php?rest_route=\/wp\/v2\/pages"}],"about":[{"href":"https:\/\/schreinerei-staneker.de\/index.php?rest_route=\/wp\/v2\/types\/page"}],"author":[{"embeddable":true,"href":"https:\/\/schreinerei-staneker.de\/index.php?rest_route=\/wp\/v2\/users\/1"}],"replies":[{"embeddable":true,"href":"https:\/\/schreinerei-staneker.de\/index.php?rest_route=%2Fwp%2Fv2%2Fcomments&post=3662"}],"version-history":[{"count":1,"href":"https:\/\/schreinerei-staneker.de\/index.php?rest_route=\/wp\/v2\/pages\/3662\/revisions"}],"predecessor-version":[{"id":4100,"href":"https:\/\/schreinerei-staneker.de\/index.php?rest_route=\/wp\/v2\/pages\/3662\/revisions\/4100"}],"wp:attachment":[{"href":"https:\/\/schreinerei-staneker.de\/index.php?rest_route=%2Fwp%2Fv2%2Fmedia&parent=3662"}],"curies":[{"name":"wp","href":"https:\/\/api.w.org\/{rel}","templated":true}]}}