{"id":4265,"date":"2017-02-27T07:27:21","date_gmt":"2017-02-27T07:27:21","guid":{"rendered":"http:\/\/schreinerei-staneker.de\/?page_id=4265"},"modified":"2019-01-08T09:29:13","modified_gmt":"2019-01-08T09:29:13","slug":"die-schreinerei-ii-2","status":"publish","type":"page","link":"https:\/\/schreinerei-staneker.de\/?page_id=4265","title":{"rendered":"Die Schreinerei"},"content":{"rendered":"<p><span style=\"color: #000000;\">IHR SCHREINER VON HIER<\/span><\/p>\n<p>Seit 1974 gibt es die Schreinerei Staneker. Begonnen im Kleinen, fortgef\u00fchrt in Rommelsbach, ausgebaut in Reutlingen und seit 2013 in der ehemaligen Schreinerei Bahnm\u00fcller in Degerschlacht, ans\u00e4ssig.<\/p>\n<p>\u00dcber 35 Jahre sind wir unseren Werten treu geblieben: M\u00f6bel- und Innenausbau bedeutet f\u00fcr uns mehr, als Gegenst\u00e4nde herzustellen, die einwandfrei verarbeitet sind und sich gut in eine Raumsituation integrieren lassen. Gute Produkte sind sinnlich und innovativ, besitzen Qualit\u00e4t und \u00c4sthetik. Wir m\u00f6chten diese Anspr\u00fcche in unserer Arbeit vereinen und Ihnen eine Leistung anbieten, die \u00fcberzeugt und Ihnen Freude bereitet.<\/p>\n<h3 style=\"text-align: justify;\"><strong><span style=\"color: #ff9900;\">Wer unsere Produkte und Leistungen kennt, kennt auch unser Konzept und unsere Philosophie.<\/span><\/strong><\/h3>\n<p><img loading=\"lazy\" decoding=\"async\" class=\"aligncenter  wp-image-3988\" src=\"http:\/\/schreinerei-staneker.de\/wp-content\/uploads\/2017\/02\/Logorauklein100prozent-300x95.jpg\" alt=\"\" width=\"322\" height=\"109\" \/><\/p>\n","protected":false},"excerpt":{"rendered":"<p>IHR SCHREINER VON HIER Seit 1974 gibt es die Schreinerei Staneker. Begonnen im Kleinen, fortgef\u00fchrt in Rommelsbach, ausgebaut in Reutlingen und seit 2013 in der ehemaligen Schreinerei Bahnm\u00fcller in Degerschlacht, ans\u00e4ssig. \u00dcber 35 Jahre sind wir unseren Werten treu geblieben: M\u00f6bel- und Innenausbau bedeutet f\u00fcr uns mehr, als Gegenst\u00e4nde herzustellen, die einwandfrei verarbeitet sind und &hellip; <a href=\"https:\/\/schreinerei-staneker.de\/?page_id=4265\" class=\"more-link\"><span class=\"screen-reader-text\">Die Schreinerei<\/span> weiterlesen<\/a><\/p>\n","protected":false},"author":1,"featured_media":4359,"parent":0,"menu_order":0,"comment_status":"closed","ping_status":"closed","template":"","meta":{"footnotes":""},"class_list":["post-4265","page","type-page","status-publish","has-post-thumbnail","hentry"],"_links":{"self":[{"href":"https:\/\/schreinerei-staneker.de\/index.php?rest_route=\/wp\/v2\/pages\/4265","targetHints":{"allow":["GET"]}}],"collection":[{"href":"https:\/\/schreinerei-staneker.de\/index.php?rest_route=\/wp\/v2\/pages"}],"about":[{"href":"https:\/\/schreinerei-staneker.de\/index.php?rest_route=\/wp\/v2\/types\/page"}],"author":[{"embeddable":true,"href":"https:\/\/schreinerei-staneker.de\/index.php?rest_route=\/wp\/v2\/users\/1"}],"replies":[{"embeddable":true,"href":"https:\/\/schreinerei-staneker.de\/index.php?rest_route=%2Fwp%2Fv2%2Fcomments&post=4265"}],"version-history":[{"count":7,"href":"https:\/\/schreinerei-staneker.de\/index.php?rest_route=\/wp\/v2\/pages\/4265\/revisions"}],"predecessor-version":[{"id":4395,"href":"https:\/\/schreinerei-staneker.de\/index.php?rest_route=\/wp\/v2\/pages\/4265\/revisions\/4395"}],"wp:featuredmedia":[{"embeddable":true,"href":"https:\/\/schreinerei-staneker.de\/index.php?rest_route=\/wp\/v2\/media\/4359"}],"wp:attachment":[{"href":"https:\/\/schreinerei-staneker.de\/index.php?rest_route=%2Fwp%2Fv2%2Fmedia&parent=4265"}],"curies":[{"name":"wp","href":"https:\/\/api.w.org\/{rel}","templated":true}]}}